{"id":94,"date":"2017-02-01T13:52:53","date_gmt":"2017-02-01T12:52:53","guid":{"rendered":"http:\/\/www.moritzbastei-ev.org\/wordpress\/?page_id=94"},"modified":"2018-10-08T13:02:29","modified_gmt":"2018-10-08T11:02:29","slug":"moritzjunior","status":"publish","type":"page","link":"https:\/\/www.moritzbastei-ev.org\/wordpress\/moritzbastei-e-v\/moritzjunior\/","title":{"rendered":"MoritzJunior"},"content":{"rendered":"<h1>Moritzbastei e.V. f\u00fcr Junge<\/h1>\n<p>Die Veranstaltungen unter MORITZJUNIOR richten sich an das eher j\u00fcngere Publikum.<\/p>\n<h3>Weihnachtsm\u00e4rchen:<\/h3>\n<p>Traditionell am letzten Sonntag vor Weihnachten zeigen wir euch unser Weihnachtsm\u00e4rchen!<\/p>\n<p>Wir starten in der Veranstaltungstonne mit Begr\u00fc\u00dfung und der ersten Szene und dann reisen wir mit euch durch die ganze MORITZBASTEI. Es gibt Bastel- und Mitmachstationen, Punsch und ganz viel zu lachen, denn unsere M\u00e4rchen machen vor allem eines: Spa\u00df! Und im Anschluss kommt der Weidi-Weihnachstmann \ud83d\ude42<\/p>\n<p>Diese M\u00e4rchen gab es bisher: Aschenputtel, Das tapfere Schneiderlein, Der kleine Muck, Der gestiefelte Kater, Die goldene Gans, Die Schneek\u00f6nigin,Frau Holle (sogar schon zwei Mal!), K\u00f6nig Drosselbart, Rumpelfr\u00e4nkchen, Schneewei\u00dfchen &amp; Rosenrot, Schneewittchen, Von einem der Auszug das Gruseln zu erlernen.<\/p>\n<p><a href=\"https:\/\/i0.wp.com\/www.moritzbastei-ev.org\/wordpress\/wp-content\/uploads\/2017\/02\/Weihnachtsm%C3%A4rchen_2017-4.jpg?ssl=1\"><img data-recalc-dims=\"1\" loading=\"lazy\" decoding=\"async\" data-attachment-id=\"3949\" data-permalink=\"https:\/\/www.moritzbastei-ev.org\/wordpress\/moritzbastei-e-v\/moritzjunior\/weihnachtsmaerchen_2017-4\/\" data-orig-file=\"https:\/\/i0.wp.com\/www.moritzbastei-ev.org\/wordpress\/wp-content\/uploads\/2017\/02\/Weihnachtsm%C3%A4rchen_2017-4.jpg?fit=1006%2C593&amp;ssl=1\" data-orig-size=\"1006,593\" data-comments-opened=\"1\" data-image-meta=\"{&quot;aperture&quot;:&quot;2.4&quot;,&quot;credit&quot;:&quot;&quot;,&quot;camera&quot;:&quot;Lumia 930&quot;,&quot;caption&quot;:&quot;&quot;,&quot;created_timestamp&quot;:&quot;1513525588&quot;,&quot;copyright&quot;:&quot;&quot;,&quot;focal_length&quot;:&quot;4.46&quot;,&quot;iso&quot;:&quot;500&quot;,&quot;shutter_speed&quot;:&quot;0.086290003951008&quot;,&quot;title&quot;:&quot;&quot;,&quot;orientation&quot;:&quot;1&quot;}\" data-image-title=\"Weihnachtsm\u00e4rchen_2017 (4)\" data-image-description=\"\" data-image-caption=\"\" data-large-file=\"https:\/\/i0.wp.com\/www.moritzbastei-ev.org\/wordpress\/wp-content\/uploads\/2017\/02\/Weihnachtsm%C3%A4rchen_2017-4.jpg?fit=640%2C377&amp;ssl=1\" class=\"alignnone wp-image-3949 size-medium\" src=\"https:\/\/i0.wp.com\/www.moritzbastei-ev.org\/wordpress\/wp-content\/uploads\/2017\/02\/Weihnachtsm%C3%A4rchen_2017-4.jpg?resize=300%2C177&#038;ssl=1\" alt=\"\" width=\"300\" height=\"177\" srcset=\"https:\/\/i0.wp.com\/www.moritzbastei-ev.org\/wordpress\/wp-content\/uploads\/2017\/02\/Weihnachtsm%C3%A4rchen_2017-4.jpg?resize=300%2C177&amp;ssl=1 300w, https:\/\/i0.wp.com\/www.moritzbastei-ev.org\/wordpress\/wp-content\/uploads\/2017\/02\/Weihnachtsm%C3%A4rchen_2017-4.jpg?resize=768%2C453&amp;ssl=1 768w, https:\/\/i0.wp.com\/www.moritzbastei-ev.org\/wordpress\/wp-content\/uploads\/2017\/02\/Weihnachtsm%C3%A4rchen_2017-4.jpg?w=1006&amp;ssl=1 1006w\" sizes=\"auto, (max-width: 300px) 100vw, 300px\" \/><\/a><\/p>\n<p><a href=\"https:\/\/i0.wp.com\/www.moritzbastei-ev.org\/wordpress\/wp-content\/uploads\/2017\/02\/Weihnachtsm%C3%A4rchen_2017-5.jpg?ssl=1\"><img data-recalc-dims=\"1\" loading=\"lazy\" decoding=\"async\" data-attachment-id=\"3950\" data-permalink=\"https:\/\/www.moritzbastei-ev.org\/wordpress\/moritzbastei-e-v\/moritzjunior\/weihnachtsmaerchen_2017-5\/\" data-orig-file=\"https:\/\/i0.wp.com\/www.moritzbastei-ev.org\/wordpress\/wp-content\/uploads\/2017\/02\/Weihnachtsm%C3%A4rchen_2017-5.jpg?fit=947%2C648&amp;ssl=1\" data-orig-size=\"947,648\" data-comments-opened=\"1\" data-image-meta=\"{&quot;aperture&quot;:&quot;2.4&quot;,&quot;credit&quot;:&quot;&quot;,&quot;camera&quot;:&quot;Lumia 930&quot;,&quot;caption&quot;:&quot;&quot;,&quot;created_timestamp&quot;:&quot;1513525773&quot;,&quot;copyright&quot;:&quot;&quot;,&quot;focal_length&quot;:&quot;4.46&quot;,&quot;iso&quot;:&quot;500&quot;,&quot;shutter_speed&quot;:&quot;0.075891996142719&quot;,&quot;title&quot;:&quot;&quot;,&quot;orientation&quot;:&quot;1&quot;}\" data-image-title=\"Weihnachtsm\u00e4rchen_2017 (5)\" data-image-description=\"\" data-image-caption=\"\" data-large-file=\"https:\/\/i0.wp.com\/www.moritzbastei-ev.org\/wordpress\/wp-content\/uploads\/2017\/02\/Weihnachtsm%C3%A4rchen_2017-5.jpg?fit=640%2C438&amp;ssl=1\" class=\"alignnone wp-image-3950\" src=\"https:\/\/i0.wp.com\/www.moritzbastei-ev.org\/wordpress\/wp-content\/uploads\/2017\/02\/Weihnachtsm%C3%A4rchen_2017-5.jpg?resize=304%2C208&#038;ssl=1\" alt=\"\" width=\"304\" height=\"208\" srcset=\"https:\/\/i0.wp.com\/www.moritzbastei-ev.org\/wordpress\/wp-content\/uploads\/2017\/02\/Weihnachtsm%C3%A4rchen_2017-5.jpg?resize=300%2C205&amp;ssl=1 300w, https:\/\/i0.wp.com\/www.moritzbastei-ev.org\/wordpress\/wp-content\/uploads\/2017\/02\/Weihnachtsm%C3%A4rchen_2017-5.jpg?resize=768%2C526&amp;ssl=1 768w, https:\/\/i0.wp.com\/www.moritzbastei-ev.org\/wordpress\/wp-content\/uploads\/2017\/02\/Weihnachtsm%C3%A4rchen_2017-5.jpg?w=947&amp;ssl=1 947w\" sizes=\"auto, (max-width: 304px) 100vw, 304px\" \/><\/a><\/p>\n<p><a href=\"https:\/\/i0.wp.com\/www.moritzbastei-ev.org\/wordpress\/wp-content\/uploads\/2017\/06\/Weihnachtsm%C3%A4rchen_2009b.jpg?ssl=1\"><img data-recalc-dims=\"1\" loading=\"lazy\" decoding=\"async\" data-attachment-id=\"2355\" data-permalink=\"https:\/\/www.moritzbastei-ev.org\/wordpress\/moritzbastei-e-v\/moritzjunior\/weihnachtsmaerchen_2009b\/\" data-orig-file=\"https:\/\/i0.wp.com\/www.moritzbastei-ev.org\/wordpress\/wp-content\/uploads\/2017\/06\/Weihnachtsm%C3%A4rchen_2009b.jpg?fit=600%2C450&amp;ssl=1\" data-orig-size=\"600,450\" data-comments-opened=\"1\" data-image-meta=\"{&quot;aperture&quot;:&quot;0&quot;,&quot;credit&quot;:&quot;&quot;,&quot;camera&quot;:&quot;&quot;,&quot;caption&quot;:&quot;&quot;,&quot;created_timestamp&quot;:&quot;0&quot;,&quot;copyright&quot;:&quot;&quot;,&quot;focal_length&quot;:&quot;0&quot;,&quot;iso&quot;:&quot;0&quot;,&quot;shutter_speed&quot;:&quot;0&quot;,&quot;title&quot;:&quot;&quot;,&quot;orientation&quot;:&quot;0&quot;}\" data-image-title=\"Weihnachtsm\u00e4rchen\" data-image-description=\"\" data-image-caption=\"\" data-large-file=\"https:\/\/i0.wp.com\/www.moritzbastei-ev.org\/wordpress\/wp-content\/uploads\/2017\/06\/Weihnachtsm%C3%A4rchen_2009b.jpg?fit=600%2C450&amp;ssl=1\" class=\"alignnone wp-image-2355 size-medium\" src=\"https:\/\/i0.wp.com\/www.moritzbastei-ev.org\/wordpress\/wp-content\/uploads\/2017\/06\/Weihnachtsm%C3%A4rchen_2009b.jpg?resize=300%2C225&#038;ssl=1\" alt=\"Weihnachtsm\u00e4rchen des Moritzbastei e.V.\" width=\"300\" height=\"225\" srcset=\"https:\/\/i0.wp.com\/www.moritzbastei-ev.org\/wordpress\/wp-content\/uploads\/2017\/06\/Weihnachtsm%C3%A4rchen_2009b.jpg?resize=300%2C225&amp;ssl=1 300w, https:\/\/i0.wp.com\/www.moritzbastei-ev.org\/wordpress\/wp-content\/uploads\/2017\/06\/Weihnachtsm%C3%A4rchen_2009b.jpg?w=600&amp;ssl=1 600w\" sizes=\"auto, (max-width: 300px) 100vw, 300px\" \/><\/a><\/p>\n<p><a href=\"https:\/\/i0.wp.com\/www.moritzbastei-ev.org\/wordpress\/wp-content\/uploads\/2017\/06\/Weihnachtsm%C3%A4rchen_2009.jpg?ssl=1\"><img data-recalc-dims=\"1\" loading=\"lazy\" decoding=\"async\" data-attachment-id=\"2354\" data-permalink=\"https:\/\/www.moritzbastei-ev.org\/wordpress\/moritzbastei-e-v\/moritzjunior\/weihnachtsmaerchen_2009\/\" data-orig-file=\"https:\/\/i0.wp.com\/www.moritzbastei-ev.org\/wordpress\/wp-content\/uploads\/2017\/06\/Weihnachtsm%C3%A4rchen_2009.jpg?fit=600%2C450&amp;ssl=1\" data-orig-size=\"600,450\" data-comments-opened=\"1\" data-image-meta=\"{&quot;aperture&quot;:&quot;0&quot;,&quot;credit&quot;:&quot;&quot;,&quot;camera&quot;:&quot;&quot;,&quot;caption&quot;:&quot;&quot;,&quot;created_timestamp&quot;:&quot;0&quot;,&quot;copyright&quot;:&quot;&quot;,&quot;focal_length&quot;:&quot;0&quot;,&quot;iso&quot;:&quot;0&quot;,&quot;shutter_speed&quot;:&quot;0&quot;,&quot;title&quot;:&quot;&quot;,&quot;orientation&quot;:&quot;0&quot;}\" data-image-title=\"Weihnachtsm\u00e4rchen\" data-image-description=\"\" data-image-caption=\"\" data-large-file=\"https:\/\/i0.wp.com\/www.moritzbastei-ev.org\/wordpress\/wp-content\/uploads\/2017\/06\/Weihnachtsm%C3%A4rchen_2009.jpg?fit=600%2C450&amp;ssl=1\" class=\"alignnone wp-image-2354 size-medium\" src=\"https:\/\/i0.wp.com\/www.moritzbastei-ev.org\/wordpress\/wp-content\/uploads\/2017\/06\/Weihnachtsm%C3%A4rchen_2009.jpg?resize=300%2C225&#038;ssl=1\" alt=\"Weihnachtsm\u00e4rchen\" width=\"300\" height=\"225\" srcset=\"https:\/\/i0.wp.com\/www.moritzbastei-ev.org\/wordpress\/wp-content\/uploads\/2017\/06\/Weihnachtsm%C3%A4rchen_2009.jpg?resize=300%2C225&amp;ssl=1 300w, https:\/\/i0.wp.com\/www.moritzbastei-ev.org\/wordpress\/wp-content\/uploads\/2017\/06\/Weihnachtsm%C3%A4rchen_2009.jpg?w=600&amp;ssl=1 600w\" sizes=\"auto, (max-width: 300px) 100vw, 300px\" \/><\/a><\/p>\n<h3><\/h3>\n<h3>MoritzJunior-Bastelst\u00e4nde:<\/h3>\n<p>Wir basteln mit und f\u00fcr euch! Bei verschiedenen Gelegenheiten packen wir Pavillion und ganz viel Kreativkram ein und unterst\u00fctzen unsere Partner bei ihren Festen. Unter anderem bei Veranstaltungen des <a href=\"http:\/\/rutilust.de\/\" target=\"_blank\" rel=\"noopener noreferrer\">RuTiLuSt<\/a> (Runder Tisch Leipziger Unabh\u00e4ngiger Studentenclubs), beim Sommerfest <a href=\"https:\/\/www.facebook.com\/hippieyeahleipzig\/\" target=\"_blank\" rel=\"noopener noreferrer\">Hippie Yeah!<\/a> des Bandcommunity Leipzig e.V. oder bei den Kinderfesten im <a href=\"http:\/\/www.musikpavillon-leipzig.de\/\" target=\"_blank\" rel=\"noopener noreferrer\">Musikpavillon im Clarapark<\/a>. Wenn ihr mal noch eine Aktion f\u00fcr euer Rahmenprogramm braucht, fragt uns gern an!<\/p>\n<p><a href=\"https:\/\/i0.wp.com\/www.moritzbastei-ev.org\/wordpress\/wp-content\/uploads\/2017\/06\/Moritzjunior_HY_2016.jpg?ssl=1\"><img data-recalc-dims=\"1\" loading=\"lazy\" decoding=\"async\" data-attachment-id=\"2379\" data-permalink=\"https:\/\/www.moritzbastei-ev.org\/wordpress\/moritzbastei-e-v\/moritzjunior\/moritzjunior_hy_2016\/\" data-orig-file=\"https:\/\/i0.wp.com\/www.moritzbastei-ev.org\/wordpress\/wp-content\/uploads\/2017\/06\/Moritzjunior_HY_2016.jpg?fit=1024%2C682&amp;ssl=1\" data-orig-size=\"1024,682\" data-comments-opened=\"1\" data-image-meta=\"{&quot;aperture&quot;:&quot;0&quot;,&quot;credit&quot;:&quot;Andreas Kr\\u00fcger&quot;,&quot;camera&quot;:&quot;&quot;,&quot;caption&quot;:&quot;&quot;,&quot;created_timestamp&quot;:&quot;0&quot;,&quot;copyright&quot;:&quot;Andreas Kr\\u00fcger - andreas@sichtkunst.de&quot;,&quot;focal_length&quot;:&quot;0&quot;,&quot;iso&quot;:&quot;0&quot;,&quot;shutter_speed&quot;:&quot;0&quot;,&quot;title&quot;:&quot;&quot;,&quot;orientation&quot;:&quot;0&quot;}\" data-image-title=\"Moritzjunior Hippie Yeah! 2016\" data-image-description=\"&lt;p&gt;Foto: Andreas Kr\u00fcger&lt;\/p&gt;\n\" data-image-caption=\"\" data-large-file=\"https:\/\/i0.wp.com\/www.moritzbastei-ev.org\/wordpress\/wp-content\/uploads\/2017\/06\/Moritzjunior_HY_2016.jpg?fit=640%2C426&amp;ssl=1\" class=\"alignnone wp-image-2379\" src=\"https:\/\/i0.wp.com\/www.moritzbastei-ev.org\/wordpress\/wp-content\/uploads\/2017\/06\/Moritzjunior_HY_2016.jpg?resize=301%2C201&#038;ssl=1\" alt=\"MoritzJunior-Bastelstand auf dem Hippie Yeah! 2016\" width=\"301\" height=\"201\" srcset=\"https:\/\/i0.wp.com\/www.moritzbastei-ev.org\/wordpress\/wp-content\/uploads\/2017\/06\/Moritzjunior_HY_2016.jpg?resize=300%2C200&amp;ssl=1 300w, https:\/\/i0.wp.com\/www.moritzbastei-ev.org\/wordpress\/wp-content\/uploads\/2017\/06\/Moritzjunior_HY_2016.jpg?resize=768%2C512&amp;ssl=1 768w, https:\/\/i0.wp.com\/www.moritzbastei-ev.org\/wordpress\/wp-content\/uploads\/2017\/06\/Moritzjunior_HY_2016.jpg?w=1024&amp;ssl=1 1024w\" sizes=\"auto, (max-width: 301px) 100vw, 301px\" \/><\/a><\/p>\n<p><a href=\"https:\/\/i0.wp.com\/www.moritzbastei-ev.org\/wordpress\/wp-content\/uploads\/2017\/06\/Moritzjunior_HY_2014.jpg?ssl=1\"><img data-recalc-dims=\"1\" loading=\"lazy\" decoding=\"async\" data-attachment-id=\"2378\" data-permalink=\"https:\/\/www.moritzbastei-ev.org\/wordpress\/moritzbastei-e-v\/moritzjunior\/moritzjunior_hy_2014\/\" data-orig-file=\"https:\/\/i0.wp.com\/www.moritzbastei-ev.org\/wordpress\/wp-content\/uploads\/2017\/06\/Moritzjunior_HY_2014.jpg?fit=960%2C639&amp;ssl=1\" data-orig-size=\"960,639\" data-comments-opened=\"1\" data-image-meta=\"{&quot;aperture&quot;:&quot;0&quot;,&quot;credit&quot;:&quot;DAVID GASE&quot;,&quot;camera&quot;:&quot;&quot;,&quot;caption&quot;:&quot;&quot;,&quot;created_timestamp&quot;:&quot;0&quot;,&quot;copyright&quot;:&quot;&quot;,&quot;focal_length&quot;:&quot;0&quot;,&quot;iso&quot;:&quot;0&quot;,&quot;shutter_speed&quot;:&quot;0&quot;,&quot;title&quot;:&quot;&quot;,&quot;orientation&quot;:&quot;0&quot;}\" data-image-title=\"MoritzJunior Hippie Yeah! 2014\" data-image-description=\"&lt;p&gt;Foto: Andreas Kr\u00fcger&lt;\/p&gt;\n\" data-image-caption=\"\" data-large-file=\"https:\/\/i0.wp.com\/www.moritzbastei-ev.org\/wordpress\/wp-content\/uploads\/2017\/06\/Moritzjunior_HY_2014.jpg?fit=640%2C426&amp;ssl=1\" class=\"alignnone wp-image-2378\" src=\"https:\/\/i0.wp.com\/www.moritzbastei-ev.org\/wordpress\/wp-content\/uploads\/2017\/06\/Moritzjunior_HY_2014.jpg?resize=302%2C201&#038;ssl=1\" alt=\"MoritzJunior-Bastelstand auf dem Hippie Yeah! 2014\" width=\"302\" height=\"201\" srcset=\"https:\/\/i0.wp.com\/www.moritzbastei-ev.org\/wordpress\/wp-content\/uploads\/2017\/06\/Moritzjunior_HY_2014.jpg?resize=300%2C200&amp;ssl=1 300w, https:\/\/i0.wp.com\/www.moritzbastei-ev.org\/wordpress\/wp-content\/uploads\/2017\/06\/Moritzjunior_HY_2014.jpg?resize=768%2C511&amp;ssl=1 768w, https:\/\/i0.wp.com\/www.moritzbastei-ev.org\/wordpress\/wp-content\/uploads\/2017\/06\/Moritzjunior_HY_2014.jpg?w=960&amp;ssl=1 960w\" sizes=\"auto, (max-width: 302px) 100vw, 302px\" \/><\/a><\/p>\n<p>&nbsp;<\/p>\n<h3>Das gab&#8217;s sonst noch:<\/h3>\n<ul>\n<li>Bis 2016 betreute der Moritzbastei e.V. jeden Sonntag in der Ratstonne der MORITZBASTEI kleine und gro\u00dfe Kinder w\u00e4hrend die Eltern in Ruhe brunchen durften.<\/li>\n<li>Fr\u00fchlings- und Sommerfeste.<\/li>\n<\/ul>\n<p>&nbsp;<\/p>\n<p><span style=\"border-radius: 2px; text-indent: 20px; width: auto; padding: 0px 4px 0px 0px; text-align: center; font: bold 11px\/20px 'Helvetica Neue',Helvetica,sans-serif; color: #ffffff; background: #bd081c no-repeat scroll 3px 50% \/ 14px 14px; position: absolute; opacity: 1; z-index: 8675309; display: none; cursor: pointer; top: 356px; left: 20px;\">Merken<\/span><\/p>\n","protected":false},"excerpt":{"rendered":"<p>Moritzbastei e.V. f\u00fcr Junge Die Veranstaltungen unter MORITZJUNIOR richten sich an das eher j\u00fcngere Publikum. Weihnachtsm\u00e4rchen: Traditionell am letzten Sonntag vor Weihnachten zeigen wir euch unser Weihnachtsm\u00e4rchen! Wir starten in [&hellip;]<\/p>\n","protected":false},"author":1,"featured_media":0,"parent":92,"menu_order":0,"comment_status":"closed","ping_status":"closed","template":"","meta":{"jetpack_post_was_ever_published":false,"footnotes":""},"class_list":["post-94","page","type-page","status-publish","hentry"],"jetpack_shortlink":"https:\/\/wp.me\/P8ss7N-1w","jetpack-related-posts":[],"jetpack_sharing_enabled":true,"_links":{"self":[{"href":"https:\/\/www.moritzbastei-ev.org\/wordpress\/wp-json\/wp\/v2\/pages\/94","targetHints":{"allow":["GET"]}}],"collection":[{"href":"https:\/\/www.moritzbastei-ev.org\/wordpress\/wp-json\/wp\/v2\/pages"}],"about":[{"href":"https:\/\/www.moritzbastei-ev.org\/wordpress\/wp-json\/wp\/v2\/types\/page"}],"author":[{"embeddable":true,"href":"https:\/\/www.moritzbastei-ev.org\/wordpress\/wp-json\/wp\/v2\/users\/1"}],"replies":[{"embeddable":true,"href":"https:\/\/www.moritzbastei-ev.org\/wordpress\/wp-json\/wp\/v2\/comments?post=94"}],"version-history":[{"count":15,"href":"https:\/\/www.moritzbastei-ev.org\/wordpress\/wp-json\/wp\/v2\/pages\/94\/revisions"}],"predecessor-version":[{"id":4897,"href":"https:\/\/www.moritzbastei-ev.org\/wordpress\/wp-json\/wp\/v2\/pages\/94\/revisions\/4897"}],"up":[{"embeddable":true,"href":"https:\/\/www.moritzbastei-ev.org\/wordpress\/wp-json\/wp\/v2\/pages\/92"}],"wp:attachment":[{"href":"https:\/\/www.moritzbastei-ev.org\/wordpress\/wp-json\/wp\/v2\/media?parent=94"}],"curies":[{"name":"wp","href":"https:\/\/api.w.org\/{rel}","templated":true}]}}