{"id":74,"date":"2017-02-01T11:51:49","date_gmt":"2017-02-01T10:51:49","guid":{"rendered":"http:\/\/www.moritzbastei-ev.org\/wordpress\/?page_id=74"},"modified":"2018-10-08T13:06:46","modified_gmt":"2018-10-08T11:06:46","slug":"moritzkino-2","status":"publish","type":"page","link":"https:\/\/www.moritzbastei-ev.org\/wordpress\/moritzbastei-e-v\/moritzkino-2\/","title":{"rendered":"MoritzKino"},"content":{"rendered":"<h1>Kino mit dem Moritzbastei e.V.<\/h1>\n<p>Das MoritzKino ist eine Veranstaltung von Film-Enthusiasten des Moritzbastei e.V. Jeden dritten Donnerstag im Monat ist ein Film in gem\u00fctlicher Atmosph\u00e4re zu sehen, der nicht (mehr) in den Popcornkinos l\u00e4uft und\/oder einfach nur sehenswert ist \ud83d\ude42<\/p>\n<p>Aktuelle Termine findet ihr hier auf unserer Homepage, im Programmheft der Moritzbastei, welches ebendort kostenfrei ausliegt und \u00fcber die <a href=\"https:\/\/www.facebook.com\/moritzkino\/\" target=\"_blank\" rel=\"noopener noreferrer\">MoritzKino-Facebook-Seite<\/a>.<\/p>\n<h3>Anstehende Filme 2018:<\/h3>\n<ul>\n<li>18. Januar &#8211; SNATCH &#8211; SCHWEINE UND DIAMANTEN (2001, Regie: Guy Ritchie) <span class=\"_4n-j _3cht fsl\" data-testid=\"event-permalink-details\">Gestohlene Diamanten, illegale Boxk\u00e4mpfe und jede Menge Gangster, die f\u00fcr geb\u00fchrend Action sorgen. Zum Jahresstart der Kultfilm mit Starbesetzung. <\/span><\/li>\n<li>15. Februar &#8211; GUARDIANS OF THE GALAXY (2014, Regie: James Gun)<\/li>\n<li>22. M\u00e4rz &#8211; ICH &#8211; EINFACH UNVERBESSERLICH (2010, Animationsfilm) Mit kostenloser Banane! \ud83d\ude42<\/li>\n<li>19. April &#8211; DOCTOR STRANGE (2016, Regie: Scott Derrickson)<\/li>\n<li>24. Mai &#8211; THE ACCOUNTANT (2016, Regie: Gavin O&#8217;Connor)<\/li>\n<li>21. Juni &#8211; MEGAMIND (2010, Animationsfilm)<\/li>\n<li>Sommerpause<\/li>\n<li>20. September &#8211; MACHETE (2010, Regie: Robert Rodriguez &amp; Ethan Maniquis)<\/li>\n<li>24. Oktober &#8211; A BEAUTIFUL MIND (2002, Regie: Ron Howard)<\/li>\n<li>22. November &#8211; INCEPTION (2010, Regie: Christopher Nolan)<\/li>\n<li>18. Dezember &#8211;\u00a0TERRY PRATCHETT\u2019S HOGFATHER (2006, Regie: Vadim Jean)<\/li>\n<\/ul>\n<p>Ihr habt einen Wunschfilm, den ihr gern mal bei uns sehen m\u00f6chtet? Dann einfach Mail an: <a href=\"mailto:moritzbastei.e.v@gmx.de\">moritzbastei.e.v@gmx.de<\/a> und wir schauen, was wir machen k\u00f6nnen!<\/p>\n<p>Hier die Filme der letzten zwei Jahre. Wie ihr seht, zeigen wir Genre-, L\u00e4nder- und Zeit\u00fcbergreifend Filme. Da ist f\u00fcr jeden was dabei!<\/p>\n<h3>Filme 2017:<\/h3>\n<ul>\n<li><strong>Januar<\/strong>: <span class=\"_4n-j _fbReactionComponent__eventDetailsContentTags fsl\" data-testid=\"event-permalink-details\">THE BIG SHORT, 2015. Die Blase des US-amerikanischen Immobilienmarktes bahnt sich an. Verschiedene Akteure versuchen die Situation m\u00f6glichst gewinnbringend f\u00fcr sich zunutzen.<\/span><\/li>\n<li><strong>Februar<\/strong>: RAUM,<span class=\"_4n-j _fbReactionComponent__eventDetailsContentTags fsl\" data-testid=\"event-permalink-details\"> 2015. Im Entf\u00fchrungsdrama Raum wird Oscargewinnerin Brie Larson mit ihrem Sohn jahrelang in einem Zimmer festgehalten. Nach der Flucht m\u00fcssen sie sich an die Welt da drau\u00dfen erst einmal gew\u00f6hnen.<\/span><\/li>\n<li><strong>M\u00e4rz<\/strong>: EDDIE THE EAGLE &#8211; ALLES IST M\u00d6GLICH<span class=\"_4n-j _fbReactionComponent__eventDetailsContentTags fsl\" data-testid=\"event-permalink-details\">, 2016. Im auf wahren Begebenheiten beruhenden Skispringer-Biopic Eddie the Eagle mausert sich Taron Egerton vom Underdog zum Publikumsliebling.<\/span><\/li>\n<li><strong>April<\/strong>: <span class=\"_4n-j _fbReactionComponent__eventDetailsContentTags fsl\" data-testid=\"event-permalink-details\"> DIE ENTDECKUNG DER UNENDLICHKEIT, 2014. Das Drama berichtet \u00fcber das Verh\u00e4ltnis des brillanten Physikers Stephen Hawking zu seiner Frau Jane.<\/span><\/li>\n<li><strong>Mai<\/strong>: <span class=\"_4n-j _fbReactionComponent__eventDetailsContentTags fsl\" data-testid=\"event-permalink-details\">THE DANISH GIRL, 2015. Das Drama um den K\u00fcnstler Einar Wegener, der sich mit Unterst\u00fctzung seiner Ehefrau Gerda Wegener, ebenfalls K\u00fcnstlerin, zur Frau umoperieren l\u00e4sst.<br \/>\n<\/span><\/li>\n<li><strong>Juni:<\/strong> <span class=\"_4n-j _fbReactionComponent__eventDetailsContentTags fsl\" data-testid=\"event-permalink-details\">WOODSTOCK &#8211; DIRECTOR&#8217;s CUT, 1969. Drei Tage lang erlebte eine halbe Million Menschen ein Konzert, das in Ausma\u00df und Einfluss unerreicht ist, eine Zusammenkunft von Menschen aller Schichten mit einem gemeinsamen Ziel: Frieden und Musik.<br \/>\n<\/span><\/li>\n<li><strong>September:<\/strong> JOHN DIES AT THE END, 2012<span class=\"_4n-j _fbReactionComponent__eventDetailsContentTags fsl\" data-testid=\"event-permalink-details\">. Amerikanische Kleinst\u00e4dter treffen im Drogenrausch auf eine andere Dimension und m\u00fcssen danach die Welt retten.<br \/>\n<\/span><\/li>\n<li><span class=\"_4n-j _fbReactionComponent__eventDetailsContentTags fsl\" data-testid=\"event-permalink-details\"><strong>Oktober:<\/strong> BAD MILO!, 2013. Anald\u00e4mon Milo entschl\u00fcpft dem gestressten Duncan um alle diejenigen umzubringen, die diesem das Leben schwer machen.<\/span><\/li>\n<li><strong>Novemb<\/strong><span class=\"_4n-j _fbReactionComponent__eventDetailsContentTags fsl\" data-testid=\"event-permalink-details\"><strong>er:<\/strong><\/span> FRANKENWEENIE, 2013. <span class=\"_4n-j _fbReactionComponent__eventDetailsContentTags fsl\" data-testid=\"event-permalink-details\">Victor&#8217;s Hund Sparky wird von einem Auto angefahren und stirbt. Aber Victor ist nicht auf den Kopf gefallen &amp; holt Sparky \u00e0 la Frankenstein zur\u00fcck.<\/span><\/li>\n<li><strong>Dezember:<\/strong> ALICE IM WUNDERLAND: HINTER DEN SPIEGELN (2010, Produzent: Tim Burton)<\/li>\n<\/ul>\n<h3>Filme 2016:<\/h3>\n<ul>\n<li><strong>FEBRUAR<\/strong>: &#8222;<span class=\"_4n-j _3cht fsl\" data-testid=\"event-permalink-details\">Der unsichtbare Dritte&#8220; (1959) <\/span><\/li>\n<li><strong>M\u00c4RZ<\/strong>: &#8222;The LEGO\u00ae Movie&#8220; (2014)<\/li>\n<li><strong>APRIL<\/strong>: &#8222;<span class=\"_4n-j _3cht fsl\" data-testid=\"event-permalink-details\">Walk the Line&#8220; (2005)<\/span><\/li>\n<li><strong>MAI<\/strong>: &#8222;<span class=\"_4n-j _3cht fsl\" data-testid=\"event-permalink-details\">Armee der Finsternis&#8220; (1992)<\/span><\/li>\n<li><strong>JUNI<\/strong>: &#8222;<span class=\"_4n-j _3cht fsl\" data-testid=\"event-permalink-details\">Wer die Nachtigall st\u00f6rt&#8220; (1962)<\/span><\/li>\n<li><strong>SEPTEMBER<\/strong>: <span class=\"_4n-j _fbReactionComponent__eventDetailsContentTags fsl\" data-testid=\"event-permalink-details\">&#8222;A Perfect Day&#8220; (2015)<\/span><\/li>\n<li><strong>OKTOBER<\/strong> <strong>SPEZIAL<\/strong>: &#8222;<span class=\"_4n-j _3cht fsl\" data-testid=\"event-permalink-details\">Der schwarze Nazi&#8220; von Tilman K\u00f6nig und Karl-Friedrich K\u00f6nig (Neuverfilmung 2016)<\/span><\/li>\n<li><strong>OKTOBER<\/strong>: <span class=\"_4n-j _fbReactionComponent__eventDetailsContentTags fsl\" data-testid=\"event-permalink-details\">&#8222;The Peanuts&#8220; (2015)<\/span><\/li>\n<li><strong>NOVEMBER<\/strong>: <span class=\"_4n-j _fbReactionComponent__eventDetailsContentTags fsl\" data-testid=\"event-permalink-details\">Tim Burton&#8217;s &#8222;The Corpse Bride&#8220; (2005)<\/span><\/li>\n<li><strong>DEZEMBER SPEZIAL<\/strong>: <span class=\"_4n-j _fbReactionComponent__eventDetailsContentTags fsl\" data-testid=\"event-permalink-details\">&#8222;Die Mitte der Nacht ist der Anfang vom Tag&#8220;<\/span> gemeinsam mit dem Leipziger B\u00fcndnis gegen Depression e.V.<\/li>\n<li><strong>DEZEMBER<\/strong>: <span class=\"_4n-j _fbReactionComponent__eventDetailsContentTags fsl\" data-testid=\"event-permalink-details\">Tim Burton&#8217;s &#8222;Alice im Wunderland&#8220; (2010)<\/span><\/li>\n<\/ul>\n<h3>Filme 2015:<\/h3>\n<ul>\n<li><strong>FEBRUAR<\/strong>: <span class=\"_4n-j _3cht fsl\" data-testid=\"event-permalink-details\">Robert Rodriguez\u2019 &#8222;Sin City&#8220; (2005), extended version<\/span><\/li>\n<li><strong>M\u00c4RZ<\/strong>: <span class=\"_4n-j _3cht fsl\" data-testid=\"event-permalink-details\">&#8222;Anonymous&#8220; (2011)<br \/>\n<\/span><\/li>\n<li><span class=\"_4n-j _3cht fsl\" data-testid=\"event-permalink-details\"><strong>APRIL<\/strong>: &#8222;Enemy Mine&#8220; (1985)<br \/>\n<\/span><\/li>\n<li><span class=\"_4n-j _3cht fsl\" data-testid=\"event-permalink-details\"><strong>MAI<\/strong>: &#8222;Wir sind die Millers&#8220; (2013)<br \/>\n<\/span><\/li>\n<li><span class=\"_4n-j _3cht fsl\" data-testid=\"event-permalink-details\"><strong>JUNI<\/strong>: &#8222;Erbarmen&#8220; (2013), nach dem Bestseller von Jussi Adler Olsen<\/span><\/li>\n<li><strong>SEPTEMBER<\/strong>: &#8222;<span class=\"_4n-j _3cht fsl\" data-testid=\"event-permalink-details\">Der Richter \u2013 Recht oder Ehre&#8220; (2014)<\/span><\/li>\n<li><strong>OKTOBER<\/strong>: &#8222;<span class=\"_4n-j _3cht fsl\" data-testid=\"event-permalink-details\">Back to the Future \u2013 1 bis 3&#8243; (OmU)<\/span><\/li>\n<li><strong>NOVEMBER<\/strong>: <span class=\"_4n-j _3cht fsl\" data-testid=\"event-permalink-details\">Luc Besson&#8217;s &#8222;Lucy&#8220; (2014) sowie &#8222;Lucky Roland&#8220; (2011)<\/span><\/li>\n<li><strong>DEZEMBER<\/strong>: <span class=\"_4n-j _fbReactionComponent__eventDetailsContentTags fsl\" data-testid=\"event-permalink-details\">Tim Burton&#8217;s &#8222;<\/span>The <span class=\"_4n-j _3cht fsl\" data-testid=\"event-permalink-details\">Nightmare Before Christmas&#8220; (1993)<\/span><\/li>\n<\/ul>\n","protected":false},"excerpt":{"rendered":"<p>Kino mit dem Moritzbastei e.V. Das MoritzKino ist eine Veranstaltung von Film-Enthusiasten des Moritzbastei e.V. Jeden dritten Donnerstag im Monat ist ein Film in gem\u00fctlicher Atmosph\u00e4re zu sehen, der nicht [&hellip;]<\/p>\n","protected":false},"author":1,"featured_media":22,"parent":92,"menu_order":0,"comment_status":"closed","ping_status":"closed","template":"","meta":{"jetpack_post_was_ever_published":false,"footnotes":""},"class_list":["post-74","page","type-page","status-publish","has-post-thumbnail","hentry"],"jetpack_shortlink":"https:\/\/wp.me\/P8ss7N-1c","jetpack-related-posts":[],"jetpack_sharing_enabled":true,"_links":{"self":[{"href":"https:\/\/www.moritzbastei-ev.org\/wordpress\/wp-json\/wp\/v2\/pages\/74","targetHints":{"allow":["GET"]}}],"collection":[{"href":"https:\/\/www.moritzbastei-ev.org\/wordpress\/wp-json\/wp\/v2\/pages"}],"about":[{"href":"https:\/\/www.moritzbastei-ev.org\/wordpress\/wp-json\/wp\/v2\/types\/page"}],"author":[{"embeddable":true,"href":"https:\/\/www.moritzbastei-ev.org\/wordpress\/wp-json\/wp\/v2\/users\/1"}],"replies":[{"embeddable":true,"href":"https:\/\/www.moritzbastei-ev.org\/wordpress\/wp-json\/wp\/v2\/comments?post=74"}],"version-history":[{"count":22,"href":"https:\/\/www.moritzbastei-ev.org\/wordpress\/wp-json\/wp\/v2\/pages\/74\/revisions"}],"predecessor-version":[{"id":4898,"href":"https:\/\/www.moritzbastei-ev.org\/wordpress\/wp-json\/wp\/v2\/pages\/74\/revisions\/4898"}],"up":[{"embeddable":true,"href":"https:\/\/www.moritzbastei-ev.org\/wordpress\/wp-json\/wp\/v2\/pages\/92"}],"wp:featuredmedia":[{"embeddable":true,"href":"https:\/\/www.moritzbastei-ev.org\/wordpress\/wp-json\/wp\/v2\/media\/22"}],"wp:attachment":[{"href":"https:\/\/www.moritzbastei-ev.org\/wordpress\/wp-json\/wp\/v2\/media?parent=74"}],"curies":[{"name":"wp","href":"https:\/\/api.w.org\/{rel}","templated":true}]}}