{"id":2365,"date":"2017-06-01T09:30:03","date_gmt":"2017-06-01T07:30:03","guid":{"rendered":"http:\/\/www.moritzbastei-ev.org\/wordpress\/?page_id=2365"},"modified":"2017-06-14T17:33:57","modified_gmt":"2017-06-14T15:33:57","slug":"mitmachen","status":"publish","type":"page","link":"https:\/\/www.moritzbastei-ev.org\/wordpress\/mitmachen\/","title":{"rendered":"Mitmachen"},"content":{"rendered":"<h1>Euer Einsatz f\u00fcr den Moritzbastei e.V.<\/h1>\n<p>Ihr habt Lust auf euch zu Engagieren? In einer der bekanntesten Locations Leipzig f\u00fcr einen bereits lange Jahre aktiven Verein?<\/p>\n<p>Ihr wollt Fahrradrallye, Weihnachtsm\u00e4rchen oder MoritzJunior mit betreuen?<\/p>\n<p>Oder ihr habt eine ganz eigene Idee und wollt die mit uns gemeinsam umsetzen?<\/p>\n<p>Dann meldet euch bei uns! Wir sind offen f\u00fcr eure Ideen und freuen uns \u00fcber neue kreative K\u00f6pfe oder solche, die sich einfach mal ausprobieren wollen!<\/p>\n<p>Einfach Mail schreiben an: <a href=\"mailto:moritzbastei.e.v@gmx.de\">moritzbastei.e.v@gmx.de<\/a><\/p>\n<p>Wir freuen uns auf euch!<\/p>\n","protected":false},"excerpt":{"rendered":"<p>Euer Einsatz f\u00fcr den Moritzbastei e.V. Ihr habt Lust auf euch zu Engagieren? In einer der bekanntesten Locations Leipzig f\u00fcr einen bereits lange Jahre aktiven Verein? Ihr wollt Fahrradrallye, Weihnachtsm\u00e4rchen [&hellip;]<\/p>\n","protected":false},"author":16,"featured_media":0,"parent":0,"menu_order":40,"comment_status":"closed","ping_status":"closed","template":"","meta":{"jetpack_post_was_ever_published":false,"footnotes":""},"class_list":["post-2365","page","type-page","status-publish","hentry"],"jetpack_shortlink":"https:\/\/wp.me\/P8ss7N-C9","jetpack-related-posts":[],"jetpack_sharing_enabled":true,"_links":{"self":[{"href":"https:\/\/www.moritzbastei-ev.org\/wordpress\/wp-json\/wp\/v2\/pages\/2365","targetHints":{"allow":["GET"]}}],"collection":[{"href":"https:\/\/www.moritzbastei-ev.org\/wordpress\/wp-json\/wp\/v2\/pages"}],"about":[{"href":"https:\/\/www.moritzbastei-ev.org\/wordpress\/wp-json\/wp\/v2\/types\/page"}],"author":[{"embeddable":true,"href":"https:\/\/www.moritzbastei-ev.org\/wordpress\/wp-json\/wp\/v2\/users\/16"}],"replies":[{"embeddable":true,"href":"https:\/\/www.moritzbastei-ev.org\/wordpress\/wp-json\/wp\/v2\/comments?post=2365"}],"version-history":[{"count":1,"href":"https:\/\/www.moritzbastei-ev.org\/wordpress\/wp-json\/wp\/v2\/pages\/2365\/revisions"}],"predecessor-version":[{"id":2366,"href":"https:\/\/www.moritzbastei-ev.org\/wordpress\/wp-json\/wp\/v2\/pages\/2365\/revisions\/2366"}],"wp:attachment":[{"href":"https:\/\/www.moritzbastei-ev.org\/wordpress\/wp-json\/wp\/v2\/media?parent=2365"}],"curies":[{"name":"wp","href":"https:\/\/api.w.org\/{rel}","templated":true}]}}